{"id":101,"date":"2021-01-21T06:35:59","date_gmt":"2021-01-21T06:35:59","guid":{"rendered":"http:\/\/www.versova.fi\/?page_id=101"},"modified":"2025-02-12T10:17:55","modified_gmt":"2025-02-12T08:17:55","slug":"etusivu","status":"publish","type":"page","link":"https:\/\/www.versova.fi\/","title":{"rendered":"Etusivu"},"content":{"rendered":"\n\n<section>\n      <div class=\"hero h-screen w-full hidden md:block\"\n      style=\"background: url(https:\/\/www.versova.fi\/wp-content\/uploads\/2023\/11\/versova_vaaka4.jpg); background-size: cover;\n      background-repeat: no-repeat; background-position: top;\">\n    <\/div>\n  \n      <div class=\"hero h-screen w-full block md:hidden\"\n      style=\"background: url(https:\/\/www.versova.fi\/wp-content\/uploads\/2023\/11\/versova_mobiili.jpg); background-size: cover;\n      background-repeat: no-repeat; background-position: top;\">\n    <\/div>\n  <\/section>\n\n\n\n\n <section  class=\"site-navigation mx-auto w-3\/4 md:w-1\/2 flex flex-col justify-center items-center md:text-center my-16\">\n\n        <img decoding=\"async\" class=\"mb-10 hidden md:block logo-image\" src=\"https:\/\/www.versova.fi\/wp-content\/themes\/versova\/assets\/images\/versovalogom.png\" alt=\"logo\">\n            <img decoding=\"async\" class=\"mb-10 block md:hidden h-32\" src=\"https:\/\/www.versova.fi\/wp-content\/uploads\/2021\/01\/versovalogovihreavalko.png\" alt=\"Versova Oy:n logo\"\/>\n                 <h1 class=\"py-2 font-bold text-yellow\">Viittomakielen tulkkausta my\u00f6nteisell\u00e4 otteella<\/h1>\n         \n           <p class=\"mb-8\">Versova Oy on vuonna 2020 nelj\u00e4n kokeneen viittomakielen tulkin perustama yritys.\r\nToimintamme pohjana on arvostava ja tasa-arvoisuutta edist\u00e4v\u00e4 vuorovaikutus. Haluamme edesauttaa \r\nmerkityksellist\u00e4 viestint\u00e4\u00e4 ja mahdollistaa aitoja kohtaamisia. Toimimme my\u00f6nteisell\u00e4 ja sitoutuneella otteella. \r\nKehit\u00e4mme taitojamme ja toimintaamme, pyrimme parhaaseemme ja suuntaamme avoimesti kohti tulevaa.<\/p>\n          \n       <\/section>\n\n\n\n\n      <section>\n      <div class=\"placement-split flex items-center mb-8\">\n              <div class=\"flex md:hidden justify-center medium-image darken-green\"\n          style=\"background: url(https:\/\/www.versova.fi\/wp-content\/uploads\/2021\/01\/kasikuva.jpg); background-size: cover;\n          background-repeat: no-repeat; background-position: center;\">\n\n          <div class=\"flex flex-col items-center justify-center py-4\">\n\n                           <h3 class=\"flex text-white w-2\/3 font-bold mb-4\">Merkityksellist\u00e4 viestint\u00e4\u00e4<\/h3>\n             \n                            <div class=\"flex w-2\/3 text-white\">\n                                                     <p class=\"mb-4 text-white\">Tuotamme tulkkauspalveluita kuuroille, kuurosokeille ja huonokuuloisille asiakkaille Keski-Suomessa. Toimimme Kelan sopimuskumppaneina. Asiakkaitamme ovat my\u00f6s julkinen sektori ja yksityiset tahot. Teemme h\u00e4t\u00e4tulkkauksia Jyv\u00e4skyl\u00e4n ja J\u00e4ms\u00e4n alueella.<\/p>\n                                <\/div>\n                            <div class=\"flex w-2\/3 text-white\">\n                                                     <p class=\"mb-4 text-white\">Teemme my\u00f6s opetusta. Tavoitteena saavutettavan viestinn\u00e4n ja vuorovaikutuksen mahdollistaminen monikanavaisuutta ja visuaalisuutta hy\u00f6dynt\u00e4en. <\/p>\n                                <\/div>\n                            <div class=\"flex w-2\/3 text-white\">\n                                                     <p class=\"mb-4 text-white\">Toimimme Keski-Suomen alueella, et\u00e4n\u00e4 valtakunnallisesti sek\u00e4 ulkomaanmatkoilla.<\/p>\n                                <\/div>\n             \n          <\/div>\n\n        <\/div>\n\n        <div class=\"hidden md:flex justify-center medium-image\"\n          style=\"background: url(https:\/\/www.versova.fi\/wp-content\/uploads\/2021\/01\/kasikuva.jpg); background-size: cover;\n          background-repeat: no-repeat; background-position: center;\">\n\n          <div class=\"md:hidden flex flex-col items-center justify-center py-8\">\n\n                           <h3 class=\"flex justify-center text-white w-2\/3 font-bold mb-8\">Merkityksellist\u00e4 viestint\u00e4\u00e4<\/h3>\n             \n                            <div class=\"flex w-2\/3 text-white\">\n                                                     <p class=\"mb-8 text-white\">Tuotamme tulkkauspalveluita kuuroille, kuurosokeille ja huonokuuloisille asiakkaille Keski-Suomessa. Toimimme Kelan sopimuskumppaneina. Asiakkaitamme ovat my\u00f6s julkinen sektori ja yksityiset tahot. Teemme h\u00e4t\u00e4tulkkauksia Jyv\u00e4skyl\u00e4n ja J\u00e4ms\u00e4n alueella.<\/p>\n                                <\/div>\n                            <div class=\"flex w-2\/3 text-white\">\n                                                     <p class=\"mb-8 text-white\">Teemme my\u00f6s opetusta. Tavoitteena saavutettavan viestinn\u00e4n ja vuorovaikutuksen mahdollistaminen monikanavaisuutta ja visuaalisuutta hy\u00f6dynt\u00e4en. <\/p>\n                                <\/div>\n                            <div class=\"flex w-2\/3 text-white\">\n                                                     <p class=\"mb-8 text-white\">Toimimme Keski-Suomen alueella, et\u00e4n\u00e4 valtakunnallisesti sek\u00e4 ulkomaanmatkoilla.<\/p>\n                                <\/div>\n             \n          <\/div>\n\n        <\/div>\n\n      \n      <div class=\"hidden md:flex flex-col items-center py-8\">\n\n                   <h3 class=\"text-yellow w-2\/3 font-bold mb-8\">Merkityksellist\u00e4 viestint\u00e4\u00e4<\/h3>\n         \n                    <div class=\"w-2\/3\">\n                                         <p class=\"mb-8\">Tuotamme tulkkauspalveluita kuuroille, kuurosokeille ja huonokuuloisille asiakkaille Keski-Suomessa. Toimimme Kelan sopimuskumppaneina. Asiakkaitamme ovat my\u00f6s julkinen sektori ja yksityiset tahot. Teemme h\u00e4t\u00e4tulkkauksia Jyv\u00e4skyl\u00e4n ja J\u00e4ms\u00e4n alueella.<\/p>\n                        <\/div>\n                    <div class=\"w-2\/3\">\n                                         <p class=\"mb-8\">Teemme my\u00f6s opetusta. Tavoitteena saavutettavan viestinn\u00e4n ja vuorovaikutuksen mahdollistaminen monikanavaisuutta ja visuaalisuutta hy\u00f6dynt\u00e4en. <\/p>\n                        <\/div>\n                    <div class=\"w-2\/3\">\n                                         <p class=\"mb-8\">Toimimme Keski-Suomen alueella, et\u00e4n\u00e4 valtakunnallisesti sek\u00e4 ulkomaanmatkoilla.<\/p>\n                        <\/div>\n         \n      <\/div>\n\n      <\/div>\n\n    <\/section>\n\n        \n\n\n\n<section id=\"etatulkkaus\" >\n      <div class=\"flex items-center justify-center py-8\">\n    <div class=\"info w-5\/6 flex justify-center items-center\"\n      style=\"background: url(https:\/\/www.versova.fi\/wp-content\/uploads\/2021\/01\/Etatulkkaustausta.png); background-size: cover;\n      background-repeat: no-repeat; background-position: center;\">\n      <div class=\"flex flex-col w-5\/6 md:w-1\/2 md:items-center md:text-center py-8\">\n      <h3 class=\"font-bold text-white py-4\">Et\u00e4tulkkaus<\/h3>\n      <p class=\"text-white pb-4\">Tulkkaamme my\u00f6s et\u00e4n\u00e4. Et\u00e4tulkkausohjelmistoista k\u00e4yt\u00f6ss\u00e4mme ovat FaceTime, Meet, Teams, Zoom, WhatsApp -ohjelmistot.<br>Lis\u00e4ksi olemme valmiit k\u00e4ytt\u00e4m\u00e4\u00e4n asiakkaan tai oppilaitoksen tarjoamia et\u00e4tulkkausalustoja toiveiden mukaan.<\/p>\n            <\/div>\n    <\/div>\n    <\/div>\n  <\/section>\n\n\n\n\n <section id=\"tulkit\"  class=\"site-navigation mx-auto w-3\/4 md:w-1\/2 flex flex-col justify-center items-center md:text-center my-16\">\n\n                 <h2 class=\"pt-2 font-bold text-yellow\">Tulkit<\/h2>\n          \n         \n       <\/section>\n\n\n\n\n    <section>\n      <div class=\"items-center flex flex-col  md:flex-row-reverse  mb-8\">\n\n              <img decoding=\"async\" class=\"intro-image w-full md:w-1\/2\" src=\"https:\/\/www.versova.fi\/wp-content\/uploads\/2023\/11\/Annika_laaja.jpg\" alt=\"\"\/>\n      \n      <div class=\"flex flex-col items-center w-full md:w-1\/2 py-8\">\n\n                   <h3 class=\"text-green w-2\/3 font-bold mb-4\">Annika Raevaara-Marjanen <\/h3>\n         \n                    <div class=\"w-2\/3\">\n                                         <p class=\"mb-4\">Viittomakielen tulkki (1998, AMK 2005, YAMK 2011) <\/p>\n                        <\/div>\n                    <div class=\"w-2\/3\">\n                                         <p class=\"mb-4\">Tulkkaus: viittomakielen tulkkaus (suomi, suomalainen viittomakieli, englanti (perustaso)), tulkkaus kuurosokeille (kaikki menetelm\u00e4t), viitotun puheen tulkkaus ja puheentoisto<\/p>\n                        <\/div>\n                    <div class=\"w-2\/3\">\n                                         <p class=\"mb-4\">Erityisosaaminen: tulkkaus erityisryhmille, selkoviittominen, luontoretkeily ja leirit, akateeminen tulkkaus, opastus kuurosokeille<\/p>\n                        <\/div>\n         \n                  <div class=\"w-2\/3\">\n                                                              <div class=\"flex flex-row items-center mb-4\">\n                                <img decoding=\"async\" class=\"h-6 pr-2\" src=\"https:\/\/www.versova.fi\/wp-content\/uploads\/2021\/04\/puhelin.png\" alt=\"puhelin\"\/>\n                                                  <p>040 120 7317<\/p>\n                              <\/div>\n                      <\/div>\n                  <div class=\"w-2\/3\">\n                                                              <div class=\"flex flex-row items-center mb-4\">\n                                <img decoding=\"async\" class=\"h-6 pr-2\" src=\"https:\/\/www.versova.fi\/wp-content\/uploads\/2021\/04\/email.png\" alt=\"s\u00e4hk\u00f6posti\"\/>\n                                                  <p>annika.raevaara-marjanen@versova.fi<\/p>\n                              <\/div>\n                      <\/div>\n        \n      <\/div>\n\n      <\/div>\n    <\/section>\n\n\n\n\n    <section>\n      <div class=\"items-center flex flex-col  md:flex-row  mb-8\">\n\n              <img decoding=\"async\" class=\"intro-image w-full md:w-1\/2\" src=\"https:\/\/www.versova.fi\/wp-content\/uploads\/2023\/11\/Kati_laaja.jpg\" alt=\"\"\/>\n      \n      <div class=\"flex flex-col items-center w-full md:w-1\/2 py-8\">\n\n                   <h3 class=\"text-green w-2\/3 font-bold mb-4\">Kati P\u00f6ll\u00e4nen<\/h3>\n         \n                    <div class=\"w-2\/3\">\n                                         <p class=\"mb-4\">Viittomakielen tulkki, Ammatillinen opettaja (AMK 2002)<\/p>\n                        <\/div>\n                    <div class=\"w-2\/3\">\n                                         <p class=\"mb-4\">Tulkkaus: viittomakielen tulkkaus (suomi, suomalainen viittomakieli, englanti (perustaso)), viitotun puheen tulkkaus<\/p>\n                        <\/div>\n                    <div class=\"w-2\/3\">\n                                         <p class=\"mb-4\">Erityisosaaminen: tulkkaus erityisryhmille ja lapsille, selkoviittominen, synnytystulkkaus, joukkuelajit<\/p>\n                        <\/div>\n         \n                  <div class=\"w-2\/3\">\n                                                              <div class=\"flex flex-row items-center mb-4\">\n                                <img decoding=\"async\" class=\"h-6 pr-2\" src=\"https:\/\/www.versova.fi\/wp-content\/uploads\/2021\/04\/puhelin.png\" alt=\"puhelin\"\/>\n                                                  <p>040 120 8036<\/p>\n                              <\/div>\n                      <\/div>\n                  <div class=\"w-2\/3\">\n                                                              <div class=\"flex flex-row items-center mb-4\">\n                                <img decoding=\"async\" class=\"h-6 pr-2\" src=\"https:\/\/www.versova.fi\/wp-content\/uploads\/2021\/04\/email.png\" alt=\"s\u00e4hk\u00f6posti\"\/>\n                                                  <p>kati.pollanen@versova.fi<\/p>\n                              <\/div>\n                      <\/div>\n        \n      <\/div>\n\n      <\/div>\n    <\/section>\n\n\n\n\n    <section>\n      <div class=\"items-center flex flex-col  md:flex-row-reverse  mb-8\">\n\n              <img decoding=\"async\" class=\"intro-image w-full md:w-1\/2\" src=\"https:\/\/www.versova.fi\/wp-content\/uploads\/2023\/11\/Pigga_laaja.jpg\" alt=\"\"\/>\n      \n      <div class=\"flex flex-col items-center w-full md:w-1\/2 py-8\">\n\n                   <h3 class=\"text-green w-2\/3 font-bold mb-4\">Pigga Pakkala<\/h3>\n         \n                    <div class=\"w-2\/3\">\n                                         <p class=\"mb-4\">Viittomakielen tulkki (1991, AMK 2006 ja YAMK 2016)<\/p>\n                        <\/div>\n                    <div class=\"w-2\/3\">\n                                         <p class=\"mb-4\">Tulkkaus: viittomakielen tulkkaus (suomi, suomalainen viittomakieli ja englanti (perustaso)), tulkkaus kuurosokeille (kaikki menetelm\u00e4t), viitotun puheen tulkkaus, puheentoisto<\/p>\n                        <\/div>\n                    <div class=\"w-2\/3\">\n                                         <p class=\"mb-4\">Erityisosaaminen: opastus kuurosokeille, erityisryhmille tulkkaus, selkoviittominen, synnytystulkkaus ja kokemus esimiesty\u00f6st\u00e4<\/p>\n                        <\/div>\n         \n                  <div class=\"w-2\/3\">\n                                                              <div class=\"flex flex-row items-center mb-4\">\n                                <img decoding=\"async\" class=\"h-6 pr-2\" src=\"https:\/\/www.versova.fi\/wp-content\/uploads\/2021\/04\/puhelin.png\" alt=\"puhelin\"\/>\n                                                  <p>040 164 9801<\/p>\n                              <\/div>\n                      <\/div>\n                  <div class=\"w-2\/3\">\n                                                              <div class=\"flex flex-row items-center mb-4\">\n                                <img decoding=\"async\" class=\"h-6 pr-2\" src=\"https:\/\/www.versova.fi\/wp-content\/uploads\/2021\/04\/email.png\" alt=\"s\u00e4hk\u00f6posti\"\/>\n                                                  <p>pigga.pakkala@versova.fi<\/p>\n                              <\/div>\n                      <\/div>\n        \n      <\/div>\n\n      <\/div>\n    <\/section>\n\n\n\n\n    <section>\n      <div class=\"items-center flex flex-col  md:flex-row  mb-8\">\n\n              <img decoding=\"async\" class=\"intro-image w-full md:w-1\/2\" src=\"https:\/\/www.versova.fi\/wp-content\/uploads\/2023\/11\/Veera_laaja.jpg\" alt=\"\"\/>\n      \n      <div class=\"flex flex-col items-center w-full md:w-1\/2 py-8\">\n\n                   <h3 class=\"text-green w-2\/3 font-bold mb-4\">Veera Wusu<\/h3>\n         \n                    <div class=\"w-2\/3\">\n                                         <p class=\"mb-4\">Viittomakielen tulkki (AMK 2005, YAMK 2018)<\/p>\n                        <\/div>\n                    <div class=\"w-2\/3\">\n                                         <p class=\"mb-4\">Tulkkaus: viittomakielen tulkkaus (suomi, suomalainen viittomakieli, englanti (ylin taso), viitotun puheen tulkkaus<\/p>\n                        <\/div>\n                    <div class=\"w-2\/3\">\n                                         <p class=\"mb-4\">Erityisosaaminen: akateeminen tulkkaus, hengelliset tilaisuudet, seminaarit ja konferenssit (my\u00f6s ulkomailla)<\/p>\n                        <\/div>\n         \n                  <div class=\"w-2\/3\">\n                                                              <div class=\"flex flex-row items-center mb-4\">\n                                <img decoding=\"async\" class=\"h-6 pr-2\" src=\"https:\/\/www.versova.fi\/wp-content\/uploads\/2021\/04\/puhelin.png\" alt=\"puhelin\"\/>\n                                                  <p>040 120 7580<\/p>\n                              <\/div>\n                      <\/div>\n                  <div class=\"w-2\/3\">\n                                                              <div class=\"flex flex-row items-center mb-4\">\n                                <img decoding=\"async\" class=\"h-6 pr-2\" src=\"https:\/\/www.versova.fi\/wp-content\/uploads\/2021\/04\/email.png\" alt=\"s\u00e4hk\u00f6posti\"\/>\n                                                  <p>veera.wusu@versova.fi<\/p>\n                              <\/div>\n                      <\/div>\n        \n      <\/div>\n\n      <\/div>\n    <\/section>\n\n\n\n\n    <section>\n      <div class=\"items-center flex flex-col  md:flex-row-reverse  mb-8\">\n\n              <img decoding=\"async\" class=\"intro-image w-full md:w-1\/2\" src=\"https:\/\/www.versova.fi\/wp-content\/uploads\/2023\/11\/Minna_laaja.jpg\" alt=\"\"\/>\n      \n      <div class=\"flex flex-col items-center w-full md:w-1\/2 py-8\">\n\n                   <h3 class=\"text-green w-2\/3 font-bold mb-4\">Minna Uggelberg<\/h3>\n         \n                    <div class=\"w-2\/3\">\n                                         <p class=\"mb-4\">Viittomakielen tulkki (1999, AMK 2022)<\/p>\n                        <\/div>\n                    <div class=\"w-2\/3\">\n                                         <p class=\"mb-4\">Viittomakielen tulkkaus (suomi, suomalainen viittomakieli, englanti (ylintaso), tulkkaus kuurosokeille (kaikki menetelm\u00e4t), viitotun puheen tulkkaus ja puheentoisto<\/p>\n                        <\/div>\n                    <div class=\"w-2\/3\">\n                                         <p class=\"mb-4\">Erityisosaaminen: ty\u00f6el\u00e4m\u00e4tulkkaus, kuurosokeille tulkkaus, akateeminen tulkkaus<\/p>\n                        <\/div>\n         \n                  <div class=\"w-2\/3\">\n                                                              <div class=\"flex flex-row items-center mb-4\">\n                                <img decoding=\"async\" class=\"h-6 pr-2\" src=\"https:\/\/www.versova.fi\/wp-content\/uploads\/2021\/04\/puhelin.png\" alt=\"puhelin\"\/>\n                                                  <p>040 809 7613<\/p>\n                              <\/div>\n                      <\/div>\n                  <div class=\"w-2\/3\">\n                                                              <div class=\"flex flex-row items-center mb-4\">\n                                <img decoding=\"async\" class=\"h-6 pr-2\" src=\"https:\/\/www.versova.fi\/wp-content\/uploads\/2021\/04\/email.png\" alt=\"s\u00e4hk\u00f6posti\"\/>\n                                                  <p>minna.<br>uggelberg@versova.fi<\/p>\n                              <\/div>\n                      <\/div>\n        \n      <\/div>\n\n      <\/div>\n    <\/section>\n\n\n\n\n <section id=\"palaute\"    class=\"site-navigation mx-auto w-3\/4 flex flex-col justify-center items-center my-16\">\n\n              <h2 class=\"pt-2 font-bold text-yellow\">Anna palautetta!<\/h2>\n      \n           <p class=\"mb-8\"><div class=\"wpforms-container wpforms-container-full\" id=\"wpforms-239\"><form id=\"wpforms-form-239\" class=\"wpforms-validate wpforms-form\" data-formid=\"239\" method=\"post\" enctype=\"multipart\/form-data\" action=\"\/index.php?rest_route=%2Fwp%2Fv2%2Fpages%2F101\" data-token=\"4d8ad23025e46e2576442aaed872f99b\" data-token-time=\"1778881867\"><noscript class=\"wpforms-error-noscript\">Please enable JavaScript in your browser to complete this form.<\/noscript><div class=\"wpforms-field-container\"><div id=\"wpforms-239-field_0-container\" class=\"wpforms-field wpforms-field-name\" data-field-id=\"0\"><label class=\"wpforms-field-label\" for=\"wpforms-239-field_0\">Nimi (tai nimimerkki) <span class=\"wpforms-required-label\">*<\/span><\/label><input type=\"text\" id=\"wpforms-239-field_0\" class=\"wpforms-field-large wpforms-field-required\" name=\"wpforms[fields][0]\" required><div class=\"wpforms-field-description\">K\u00e4yt\u00e4 nimimerkki\u00e4, jos et halua kertoa nime\u00e4si.<\/div><\/div><div id=\"wpforms-239-field_2-container\" class=\"wpforms-field wpforms-field-textarea\" data-field-id=\"2\"><label class=\"wpforms-field-label\" for=\"wpforms-239-field_2\">Viesti <span class=\"wpforms-required-label\">*<\/span><\/label><textarea id=\"wpforms-239-field_2\" class=\"wpforms-field-medium wpforms-field-required\" name=\"wpforms[fields][2]\" required><\/textarea><div class=\"wpforms-field-description\">Kirjoita t\u00e4h\u00e4n palautteesi vapaasti.<\/div><\/div><\/div><!-- .wpforms-field-container --><div class=\"wpforms-submit-container\" ><input type=\"hidden\" name=\"wpforms[id]\" value=\"239\"><input type=\"hidden\" name=\"page_title\" value=\"\"><input type=\"hidden\" name=\"page_url\" value=\"https:\/\/www.versova.fi\/index.php?rest_route=\/wp\/v2\/pages\/101\"><input type=\"hidden\" name=\"url_referer\" value=\"\"><button type=\"submit\" name=\"wpforms[submit]\" id=\"wpforms-submit-239\" class=\"wpforms-submit\" data-alt-text=\"L\u00e4hetet\u00e4\u00e4n...\" data-submit-text=\"L\u00e4het\u00e4\" aria-live=\"assertive\" value=\"wpforms-submit\">L\u00e4het\u00e4<\/button><\/div><\/form><\/div>  <!-- .wpforms-container -->\n<\/p>\n     \n <\/section>\n","protected":false},"excerpt":{"rendered":"","protected":false},"author":1,"featured_media":0,"parent":0,"menu_order":0,"comment_status":"closed","ping_status":"closed","template":"","meta":{"_acf_changed":false,"footnotes":""},"class_list":["post-101","page","type-page","status-publish","hentry"],"acf":[],"yoast_head":"<!-- This site is optimized with the Yoast SEO plugin v26.8 - https:\/\/yoast.com\/product\/yoast-seo-wordpress\/ -->\n<title>Etusivu - Versova Oy<\/title>\n<meta name=\"robots\" content=\"index, follow, max-snippet:-1, max-image-preview:large, max-video-preview:-1\" \/>\n<link rel=\"canonical\" href=\"https:\/\/www.versova.fi\/\" \/>\n<meta property=\"og:locale\" content=\"fi_FI\" \/>\n<meta property=\"og:type\" content=\"article\" \/>\n<meta property=\"og:title\" content=\"Etusivu - Versova Oy\" \/>\n<meta property=\"og:url\" content=\"https:\/\/www.versova.fi\/\" \/>\n<meta property=\"og:site_name\" content=\"Versova Oy\" \/>\n<meta property=\"article:modified_time\" content=\"2025-02-12T08:17:55+00:00\" \/>\n<meta name=\"twitter:card\" content=\"summary_large_image\" \/>\n<script type=\"application\/ld+json\" class=\"yoast-schema-graph\">{\"@context\":\"https:\/\/schema.org\",\"@graph\":[{\"@type\":\"WebPage\",\"@id\":\"https:\/\/www.versova.fi\/\",\"url\":\"https:\/\/www.versova.fi\/\",\"name\":\"Etusivu - Versova Oy\",\"isPartOf\":{\"@id\":\"https:\/\/www.versova.fi\/#website\"},\"datePublished\":\"2021-01-21T06:35:59+00:00\",\"dateModified\":\"2025-02-12T08:17:55+00:00\",\"breadcrumb\":{\"@id\":\"https:\/\/www.versova.fi\/#breadcrumb\"},\"inLanguage\":\"fi\",\"potentialAction\":[{\"@type\":\"ReadAction\",\"target\":[\"https:\/\/www.versova.fi\/\"]}]},{\"@type\":\"BreadcrumbList\",\"@id\":\"https:\/\/www.versova.fi\/#breadcrumb\",\"itemListElement\":[{\"@type\":\"ListItem\",\"position\":1,\"name\":\"Etusivu\",\"item\":\"https:\/\/www.versova.fi\/\"},{\"@type\":\"ListItem\",\"position\":2,\"name\":\"Etusivu\"}]},{\"@type\":\"WebSite\",\"@id\":\"https:\/\/www.versova.fi\/#website\",\"url\":\"https:\/\/www.versova.fi\/\",\"name\":\"Versova Oy\",\"description\":\"Merkityksellist&auml; viestint&auml;&auml;\",\"potentialAction\":[{\"@type\":\"SearchAction\",\"target\":{\"@type\":\"EntryPoint\",\"urlTemplate\":\"https:\/\/www.versova.fi\/?s={search_term_string}\"},\"query-input\":{\"@type\":\"PropertyValueSpecification\",\"valueRequired\":true,\"valueName\":\"search_term_string\"}}],\"inLanguage\":\"fi\"}]}<\/script>\n<!-- \/ Yoast SEO plugin. -->","yoast_head_json":{"title":"Etusivu - Versova Oy","robots":{"index":"index","follow":"follow","max-snippet":"max-snippet:-1","max-image-preview":"max-image-preview:large","max-video-preview":"max-video-preview:-1"},"canonical":"https:\/\/www.versova.fi\/","og_locale":"fi_FI","og_type":"article","og_title":"Etusivu - Versova Oy","og_url":"https:\/\/www.versova.fi\/","og_site_name":"Versova Oy","article_modified_time":"2025-02-12T08:17:55+00:00","twitter_card":"summary_large_image","schema":{"@context":"https:\/\/schema.org","@graph":[{"@type":"WebPage","@id":"https:\/\/www.versova.fi\/","url":"https:\/\/www.versova.fi\/","name":"Etusivu - Versova Oy","isPartOf":{"@id":"https:\/\/www.versova.fi\/#website"},"datePublished":"2021-01-21T06:35:59+00:00","dateModified":"2025-02-12T08:17:55+00:00","breadcrumb":{"@id":"https:\/\/www.versova.fi\/#breadcrumb"},"inLanguage":"fi","potentialAction":[{"@type":"ReadAction","target":["https:\/\/www.versova.fi\/"]}]},{"@type":"BreadcrumbList","@id":"https:\/\/www.versova.fi\/#breadcrumb","itemListElement":[{"@type":"ListItem","position":1,"name":"Etusivu","item":"https:\/\/www.versova.fi\/"},{"@type":"ListItem","position":2,"name":"Etusivu"}]},{"@type":"WebSite","@id":"https:\/\/www.versova.fi\/#website","url":"https:\/\/www.versova.fi\/","name":"Versova Oy","description":"Merkityksellist&auml; viestint&auml;&auml;","potentialAction":[{"@type":"SearchAction","target":{"@type":"EntryPoint","urlTemplate":"https:\/\/www.versova.fi\/?s={search_term_string}"},"query-input":{"@type":"PropertyValueSpecification","valueRequired":true,"valueName":"search_term_string"}}],"inLanguage":"fi"}]}},"_links":{"self":[{"href":"https:\/\/www.versova.fi\/index.php?rest_route=\/wp\/v2\/pages\/101","targetHints":{"allow":["GET"]}}],"collection":[{"href":"https:\/\/www.versova.fi\/index.php?rest_route=\/wp\/v2\/pages"}],"about":[{"href":"https:\/\/www.versova.fi\/index.php?rest_route=\/wp\/v2\/types\/page"}],"author":[{"embeddable":true,"href":"https:\/\/www.versova.fi\/index.php?rest_route=\/wp\/v2\/users\/1"}],"replies":[{"embeddable":true,"href":"https:\/\/www.versova.fi\/index.php?rest_route=%2Fwp%2Fv2%2Fcomments&post=101"}],"version-history":[{"count":127,"href":"https:\/\/www.versova.fi\/index.php?rest_route=\/wp\/v2\/pages\/101\/revisions"}],"predecessor-version":[{"id":322,"href":"https:\/\/www.versova.fi\/index.php?rest_route=\/wp\/v2\/pages\/101\/revisions\/322"}],"wp:attachment":[{"href":"https:\/\/www.versova.fi\/index.php?rest_route=%2Fwp%2Fv2%2Fmedia&parent=101"}],"curies":[{"name":"wp","href":"https:\/\/api.w.org\/{rel}","templated":true}]}}